{"id":3207,"date":"2023-06-07T17:42:31","date_gmt":"2023-06-07T16:42:31","guid":{"rendered":"https:\/\/ivendorsecurity.com\/kombi-melder\/"},"modified":"2023-11-13T10:40:37","modified_gmt":"2023-11-13T09:40:37","slug":"kombi-melder","status":"publish","type":"page","link":"https:\/\/ivendorsecurity.com\/de\/kombi-melder\/","title":{"rendered":"Kombi-Melder"},"content":{"rendered":"\t\t<div data-elementor-type=\"wp-page\" data-elementor-id=\"3207\" class=\"elementor elementor-3207 elementor-1691\" data-elementor-post-type=\"page\">\n\t\t\t\t\t\t<section class=\"elementor-section elementor-top-section elementor-element elementor-element-fc0d67a elementor-section-boxed elementor-section-height-default elementor-section-height-default\" data-id=\"fc0d67a\" data-element_type=\"section\" data-e-type=\"section\" data-settings=\"{&quot;background_background&quot;:&quot;classic&quot;,&quot;background_motion_fx_motion_fx_scrolling&quot;:&quot;yes&quot;,&quot;background_motion_fx_devices&quot;:[&quot;desktop&quot;,&quot;tablet&quot;,&quot;mobile&quot;]}\">\n\t\t\t\t\t\t<div class=\"elementor-container elementor-column-gap-default\">\n\t\t\t\t\t<div class=\"elementor-column elementor-col-50 elementor-top-column elementor-element elementor-element-a00e51c\" data-id=\"a00e51c\" data-element_type=\"column\" data-e-type=\"column\">\n\t\t\t<div class=\"elementor-widget-wrap elementor-element-populated\">\n\t\t\t\t\t\t<div class=\"elementor-element elementor-element-40149e3 elementor-widget__width-initial elementor-widget elementor-widget-heading\" data-id=\"40149e3\" data-element_type=\"widget\" data-e-type=\"widget\" data-widget_type=\"heading.default\">\n\t\t\t\t<div class=\"elementor-widget-container\">\n\t\t\t\t\t<h2 class=\"elementor-heading-title elementor-size-default\">X-Sense - SAVS\u00ae - WisuAlarm<\/h2>\t\t\t\t<\/div>\n\t\t\t\t<\/div>\n\t\t\t\t<div class=\"elementor-element elementor-element-2b8734c elementor-widget__width-initial elementor-widget-mobile__width-inherit elementor-widget elementor-widget-heading\" data-id=\"2b8734c\" data-element_type=\"widget\" data-e-type=\"widget\" data-widget_type=\"heading.default\">\n\t\t\t\t<div class=\"elementor-widget-container\">\n\t\t\t\t\t<h2 class=\"elementor-heading-title elementor-size-default\">Kombi-Melder<\/h2>\t\t\t\t<\/div>\n\t\t\t\t<\/div>\n\t\t\t\t<div class=\"elementor-element elementor-element-6f7827e elementor-widget__width-initial elementor-widget-mobile__width-inherit elementor-widget elementor-widget-text-editor\" data-id=\"6f7827e\" data-element_type=\"widget\" data-e-type=\"widget\" data-widget_type=\"text-editor.default\">\n\t\t\t\t<div class=\"elementor-widget-container\">\n\t\t\t\t\t\t\t\t\t<p>Wir sind stolz darauf, unseren Kunden ein vielf\u00e4ltiges Angebot an erstklassigen Kombinationsmeldern (Rauch- und CO-Melder) von f\u00fchrenden Marken der Branche anbieten zu k\u00f6nnen. Entdecken Sie unser Angebot von X-Sense, WisuAlarm und SAVS und entscheiden Sie sich f\u00fcr die L\u00f6sung, die Ihren Sicherheitsanforderungen am besten entspricht.<\/p>\n\t\t\t\t\t\t\t\t<\/div>\n\t\t\t\t<\/div>\n\t\t\t\t\t<\/div>\n\t\t<\/div>\n\t\t\t\t<div class=\"elementor-column elementor-col-50 elementor-top-column elementor-element elementor-element-7883f67\" data-id=\"7883f67\" data-element_type=\"column\" data-e-type=\"column\">\n\t\t\t<div class=\"elementor-widget-wrap\">\n\t\t\t\t\t\t\t<\/div>\n\t\t<\/div>\n\t\t\t\t\t<\/div>\n\t\t<\/section>\n\t\t\t\t<section class=\"elementor-section elementor-top-section elementor-element elementor-element-be9a6f0 elementor-section-boxed elementor-section-height-default elementor-section-height-default\" data-id=\"be9a6f0\" data-element_type=\"section\" data-e-type=\"section\">\n\t\t\t\t\t\t<div class=\"elementor-container elementor-column-gap-default\">\n\t\t\t\t\t<div class=\"elementor-column elementor-col-100 elementor-top-column elementor-element elementor-element-478ae97\" data-id=\"478ae97\" data-element_type=\"column\" data-e-type=\"column\">\n\t\t\t<div class=\"elementor-widget-wrap elementor-element-populated\">\n\t\t\t\t\t\t<section class=\"elementor-section elementor-inner-section elementor-element elementor-element-f1e9221 elementor-section-full_width elementor-section-height-default elementor-section-height-default\" data-id=\"f1e9221\" data-element_type=\"section\" data-e-type=\"section\">\n\t\t\t\t\t\t<div class=\"elementor-container elementor-column-gap-default\">\n\t\t\t\t\t<div class=\"elementor-column elementor-col-25 elementor-inner-column elementor-element elementor-element-ced1baf\" data-id=\"ced1baf\" data-element_type=\"column\" data-e-type=\"column\" link=\"https:\/\/savs.me\/fire-blankets\/\">\n\t\t\t<div class=\"elementor-widget-wrap elementor-element-populated\">\n\t\t\t\t\t\t<div class=\"elementor-element elementor-element-ee5c91a elementor-widget elementor-widget-image\" data-id=\"ee5c91a\" data-element_type=\"widget\" data-e-type=\"widget\" data-widget_type=\"image.default\">\n\t\t\t\t<div class=\"elementor-widget-container\">\n\t\t\t\t\t\t\t\t\t\t\t\t\t\t\t<img decoding=\"async\" width=\"150\" height=\"150\" src=\"https:\/\/ivendorsecurity.com\/wp-content\/uploads\/2023\/07\/2-1-150x150.jpg\" class=\"attachment-thumbnail size-thumbnail wp-image-3167\" alt=\"\" srcset=\"https:\/\/ivendorsecurity.com\/wp-content\/uploads\/2023\/07\/2-1-150x150.jpg 150w, https:\/\/ivendorsecurity.com\/wp-content\/uploads\/2023\/07\/2-1-300x300.jpg 300w, https:\/\/ivendorsecurity.com\/wp-content\/uploads\/2023\/07\/2-1-1024x1024.jpg 1024w, https:\/\/ivendorsecurity.com\/wp-content\/uploads\/2023\/07\/2-1-768x768.jpg 768w, https:\/\/ivendorsecurity.com\/wp-content\/uploads\/2023\/07\/2-1-1536x1536.jpg 1536w, https:\/\/ivendorsecurity.com\/wp-content\/uploads\/2023\/07\/2-1-600x600.jpg 600w, https:\/\/ivendorsecurity.com\/wp-content\/uploads\/2023\/07\/2-1-100x100.jpg 100w, https:\/\/ivendorsecurity.com\/wp-content\/uploads\/2023\/07\/2-1.jpg 2000w\" sizes=\"(max-width: 150px) 100vw, 150px\" \/>\t\t\t\t\t\t\t\t\t\t\t\t\t\t\t<\/div>\n\t\t\t\t<\/div>\n\t\t\t\t\t<\/div>\n\t\t<\/div>\n\t\t\t\t<div class=\"elementor-column elementor-col-25 elementor-inner-column elementor-element elementor-element-41071ec\" data-id=\"41071ec\" data-element_type=\"column\" data-e-type=\"column\" link=\"https:\/\/savs.me\/extinguishers\/\">\n\t\t\t<div class=\"elementor-widget-wrap elementor-element-populated\">\n\t\t\t\t\t\t<div class=\"elementor-element elementor-element-2366ff1 elementor-widget elementor-widget-heading\" data-id=\"2366ff1\" data-element_type=\"widget\" data-e-type=\"widget\" data-widget_type=\"heading.default\">\n\t\t\t\t<div class=\"elementor-widget-container\">\n\t\t\t\t\t<h5 class=\"elementor-heading-title elementor-size-default\">X-Sense XP01-Serie<\/h5>\t\t\t\t<\/div>\n\t\t\t\t<\/div>\n\t\t\t\t<div class=\"elementor-element elementor-element-9d6c75f elementor-widget elementor-widget-heading\" data-id=\"9d6c75f\" data-element_type=\"widget\" data-e-type=\"widget\" data-widget_type=\"heading.default\">\n\t\t\t\t<div class=\"elementor-widget-container\">\n\t\t\t\t\t<p class=\"elementor-heading-title elementor-size-default\">Eine komplette Serie von hochwertigen Rauchmeldern. Eigenst\u00e4ndig, RF-verkn\u00fcpft und WiFi-f\u00e4hig mit der X-Sense Home Security App. <\/p>\t\t\t\t<\/div>\n\t\t\t\t<\/div>\n\t\t\t\t<div class=\"elementor-element elementor-element-e57be8b elementor-widget elementor-widget-image\" data-id=\"e57be8b\" data-element_type=\"widget\" data-e-type=\"widget\" data-widget_type=\"image.default\">\n\t\t\t\t<div class=\"elementor-widget-container\">\n\t\t\t\t\t\t\t\t\t\t\t\t\t\t\t<img decoding=\"async\" width=\"40\" height=\"40\" src=\"https:\/\/ivendorsecurity.com\/wp-content\/uploads\/2023\/07\/button-right.png\" class=\"attachment-thumbnail size-thumbnail wp-image-3062\" alt=\"\" \/>\t\t\t\t\t\t\t\t\t\t\t\t\t\t\t<\/div>\n\t\t\t\t<\/div>\n\t\t\t\t\t<\/div>\n\t\t<\/div>\n\t\t\t\t<div class=\"elementor-column elementor-col-25 elementor-inner-column elementor-element elementor-element-3757da9\" data-id=\"3757da9\" data-element_type=\"column\" data-e-type=\"column\" link=\"https:\/\/savs.me\/fire-blankets\/\">\n\t\t\t<div class=\"elementor-widget-wrap elementor-element-populated\">\n\t\t\t\t\t\t<div class=\"elementor-element elementor-element-da77ea1 elementor-widget elementor-widget-image\" data-id=\"da77ea1\" data-element_type=\"widget\" data-e-type=\"widget\" data-widget_type=\"image.default\">\n\t\t\t\t<div class=\"elementor-widget-container\">\n\t\t\t\t\t\t\t\t\t\t\t\t\t\t\t<img fetchpriority=\"high\" decoding=\"async\" width=\"1500\" height=\"1500\" src=\"https:\/\/ivendorsecurity.com\/wp-content\/uploads\/2023\/07\/SC01-BSI-01.jpg\" class=\"attachment-full size-full wp-image-3166\" alt=\"\" srcset=\"https:\/\/ivendorsecurity.com\/wp-content\/uploads\/2023\/07\/SC01-BSI-01.jpg 1500w, https:\/\/ivendorsecurity.com\/wp-content\/uploads\/2023\/07\/SC01-BSI-01-300x300.jpg 300w, https:\/\/ivendorsecurity.com\/wp-content\/uploads\/2023\/07\/SC01-BSI-01-1024x1024.jpg 1024w, https:\/\/ivendorsecurity.com\/wp-content\/uploads\/2023\/07\/SC01-BSI-01-150x150.jpg 150w, https:\/\/ivendorsecurity.com\/wp-content\/uploads\/2023\/07\/SC01-BSI-01-768x768.jpg 768w, https:\/\/ivendorsecurity.com\/wp-content\/uploads\/2023\/07\/SC01-BSI-01-600x600.jpg 600w, https:\/\/ivendorsecurity.com\/wp-content\/uploads\/2023\/07\/SC01-BSI-01-100x100.jpg 100w\" sizes=\"(max-width: 1500px) 100vw, 1500px\" \/>\t\t\t\t\t\t\t\t\t\t\t\t\t\t\t<\/div>\n\t\t\t\t<\/div>\n\t\t\t\t\t<\/div>\n\t\t<\/div>\n\t\t\t\t<div class=\"elementor-column elementor-col-25 elementor-inner-column elementor-element elementor-element-2aadfb8\" data-id=\"2aadfb8\" data-element_type=\"column\" data-e-type=\"column\" link=\"https:\/\/savs.me\/fire-blankets\/\">\n\t\t\t<div class=\"elementor-widget-wrap elementor-element-populated\">\n\t\t\t\t\t\t<div class=\"elementor-element elementor-element-d37dd32 elementor-widget elementor-widget-heading\" data-id=\"d37dd32\" data-element_type=\"widget\" data-e-type=\"widget\" data-widget_type=\"heading.default\">\n\t\t\t\t<div class=\"elementor-widget-container\">\n\t\t\t\t\t<h5 class=\"elementor-heading-title elementor-size-default\">X-Sense SC01<\/h5>\t\t\t\t<\/div>\n\t\t\t\t<\/div>\n\t\t\t\t<div class=\"elementor-element elementor-element-a1be2cf elementor-widget elementor-widget-heading\" data-id=\"a1be2cf\" data-element_type=\"widget\" data-e-type=\"widget\" data-widget_type=\"heading.default\">\n\t\t\t\t<div class=\"elementor-widget-container\">\n\t\t\t\t\t<p class=\"elementor-heading-title elementor-size-default\">Eine komplette Serie von hochwertigen Rauchmeldern. Eigenst\u00e4ndig, RF-verkn\u00fcpft und WiFi-f\u00e4hig mit der X-Sense Home Security App. <\/p>\t\t\t\t<\/div>\n\t\t\t\t<\/div>\n\t\t\t\t<div class=\"elementor-element elementor-element-9ec4759 elementor-widget elementor-widget-image\" data-id=\"9ec4759\" data-element_type=\"widget\" data-e-type=\"widget\" data-widget_type=\"image.default\">\n\t\t\t\t<div class=\"elementor-widget-container\">\n\t\t\t\t\t\t\t\t\t\t\t\t\t\t\t<img decoding=\"async\" width=\"40\" height=\"40\" src=\"https:\/\/ivendorsecurity.com\/wp-content\/uploads\/2023\/07\/button-right.png\" class=\"attachment-thumbnail size-thumbnail wp-image-3062\" alt=\"\" \/>\t\t\t\t\t\t\t\t\t\t\t\t\t\t\t<\/div>\n\t\t\t\t<\/div>\n\t\t\t\t\t<\/div>\n\t\t<\/div>\n\t\t\t\t\t<\/div>\n\t\t<\/section>\n\t\t\t\t\t<\/div>\n\t\t<\/div>\n\t\t\t\t\t<\/div>\n\t\t<\/section>\n\t\t\t\t<\/div>\n\t\t","protected":false},"excerpt":{"rendered":"<p>X-Sense &#8211; SAVS\u00ae &#8211; WisuAlarm Kombi-Melder Wir sind stolz darauf, unseren Kunden ein vielf\u00e4ltiges Angebot an erstklassigen Kombinationsmeldern (Rauch- und CO-Melder) von f\u00fchrenden Marken der Branche anbieten zu k\u00f6nnen. Entdecken Sie unser Angebot von X-Sense, WisuAlarm und SAVS und entscheiden Sie sich f\u00fcr die L\u00f6sung, die Ihren Sicherheitsanforderungen am besten entspricht. X-Sense XP01-Serie Eine komplette [&hellip;]<\/p>\n","protected":false},"author":2,"featured_media":0,"parent":0,"menu_order":0,"comment_status":"closed","ping_status":"closed","template":"","meta":{"footnotes":""},"class_list":["post-3207","page","type-page","status-publish","hentry"],"_links":{"self":[{"href":"https:\/\/ivendorsecurity.com\/de\/wp-json\/wp\/v2\/pages\/3207","targetHints":{"allow":["GET"]}}],"collection":[{"href":"https:\/\/ivendorsecurity.com\/de\/wp-json\/wp\/v2\/pages"}],"about":[{"href":"https:\/\/ivendorsecurity.com\/de\/wp-json\/wp\/v2\/types\/page"}],"author":[{"embeddable":true,"href":"https:\/\/ivendorsecurity.com\/de\/wp-json\/wp\/v2\/users\/2"}],"replies":[{"embeddable":true,"href":"https:\/\/ivendorsecurity.com\/de\/wp-json\/wp\/v2\/comments?post=3207"}],"version-history":[{"count":1,"href":"https:\/\/ivendorsecurity.com\/de\/wp-json\/wp\/v2\/pages\/3207\/revisions"}],"predecessor-version":[{"id":3208,"href":"https:\/\/ivendorsecurity.com\/de\/wp-json\/wp\/v2\/pages\/3207\/revisions\/3208"}],"wp:attachment":[{"href":"https:\/\/ivendorsecurity.com\/de\/wp-json\/wp\/v2\/media?parent=3207"}],"curies":[{"name":"wp","href":"https:\/\/api.w.org\/{rel}","templated":true}]}}