{"id":3222,"date":"2023-07-28T15:20:12","date_gmt":"2023-07-28T14:20:12","guid":{"rendered":"https:\/\/ivendorsecurity.com\/gas-und-co2\/"},"modified":"2024-01-18T16:45:44","modified_gmt":"2024-01-18T15:45:44","slug":"gas-und-co2","status":"publish","type":"page","link":"https:\/\/ivendorsecurity.com\/de\/gas-und-co2\/","title":{"rendered":"Gas und CO2"},"content":{"rendered":"\t\t<div data-elementor-type=\"wp-page\" data-elementor-id=\"3222\" class=\"elementor elementor-3222 elementor-2608\" data-elementor-post-type=\"page\">\n\t\t\t\t\t\t<section class=\"elementor-section elementor-top-section elementor-element elementor-element-ab957f7 elementor-section-boxed elementor-section-height-default elementor-section-height-default\" data-id=\"ab957f7\" data-element_type=\"section\" data-e-type=\"section\" data-settings=\"{&quot;background_background&quot;:&quot;classic&quot;,&quot;background_motion_fx_motion_fx_scrolling&quot;:&quot;yes&quot;,&quot;background_motion_fx_devices&quot;:[&quot;desktop&quot;,&quot;tablet&quot;,&quot;mobile&quot;]}\">\n\t\t\t\t\t\t<div class=\"elementor-container elementor-column-gap-default\">\n\t\t\t\t\t<div class=\"elementor-column elementor-col-50 elementor-top-column elementor-element elementor-element-3900f3c\" data-id=\"3900f3c\" data-element_type=\"column\" data-e-type=\"column\">\n\t\t\t<div class=\"elementor-widget-wrap elementor-element-populated\">\n\t\t\t\t\t\t<div class=\"elementor-element elementor-element-feccc6d elementor-widget__width-initial elementor-widget elementor-widget-heading\" data-id=\"feccc6d\" data-element_type=\"widget\" data-e-type=\"widget\" data-widget_type=\"heading.default\">\n\t\t\t\t<div class=\"elementor-widget-container\">\n\t\t\t\t\t<h2 class=\"elementor-heading-title elementor-size-default\">X-Sense - SAVS\u00ae - WisuAlarm<\/h2>\t\t\t\t<\/div>\n\t\t\t\t<\/div>\n\t\t\t\t<div class=\"elementor-element elementor-element-cbb23fe elementor-widget__width-initial elementor-widget-mobile__width-inherit elementor-widget elementor-widget-heading\" data-id=\"cbb23fe\" data-element_type=\"widget\" data-e-type=\"widget\" data-widget_type=\"heading.default\">\n\t\t\t\t<div class=\"elementor-widget-container\">\n\t\t\t\t\t<h2 class=\"elementor-heading-title elementor-size-default\">Gas- und C02-Detektoren<\/h2>\t\t\t\t<\/div>\n\t\t\t\t<\/div>\n\t\t\t\t<div class=\"elementor-element elementor-element-a4e7d22 elementor-widget__width-initial elementor-widget-mobile__width-inherit elementor-widget elementor-widget-text-editor\" data-id=\"a4e7d22\" data-element_type=\"widget\" data-e-type=\"widget\" data-widget_type=\"text-editor.default\">\n\t\t\t\t<div class=\"elementor-widget-container\">\n\t\t\t\t\t\t\t\t\t<p>Wir stellen die CO2- und Gasmelder (Erdgas und Fl\u00fcssiggas) von WisuAlarm vor. Der CO2-Melder verf\u00fcgt \u00fcber eine 14-Tage-Batterie, einen E-Ink-Bildschirm und einen erstklassigen NDIR+-Sensor.<\/p>\n<p>Beide Gasmelder enthalten ein Ventil und ein Relais.<\/p>\n\t\t\t\t\t\t\t\t<\/div>\n\t\t\t\t<\/div>\n\t\t\t\t\t<\/div>\n\t\t<\/div>\n\t\t\t\t<div class=\"elementor-column elementor-col-50 elementor-top-column elementor-element elementor-element-425f685\" data-id=\"425f685\" data-element_type=\"column\" data-e-type=\"column\">\n\t\t\t<div class=\"elementor-widget-wrap\">\n\t\t\t\t\t\t\t<\/div>\n\t\t<\/div>\n\t\t\t\t\t<\/div>\n\t\t<\/section>\n\t\t\t\t<section class=\"elementor-section elementor-top-section elementor-element elementor-element-377144d elementor-section-boxed elementor-section-height-default elementor-section-height-default\" data-id=\"377144d\" data-element_type=\"section\" data-e-type=\"section\">\n\t\t\t\t\t\t<div class=\"elementor-container elementor-column-gap-default\">\n\t\t\t\t\t<div class=\"elementor-column elementor-col-100 elementor-top-column elementor-element elementor-element-0e15284\" data-id=\"0e15284\" data-element_type=\"column\" data-e-type=\"column\">\n\t\t\t<div class=\"elementor-widget-wrap elementor-element-populated\">\n\t\t\t\t\t\t<section class=\"elementor-section elementor-inner-section elementor-element elementor-element-ce4e65e elementor-section-full_width elementor-section-height-default elementor-section-height-default\" data-id=\"ce4e65e\" data-element_type=\"section\" data-e-type=\"section\">\n\t\t\t\t\t\t<div class=\"elementor-container elementor-column-gap-default\">\n\t\t\t\t\t<div class=\"elementor-column elementor-col-25 elementor-inner-column elementor-element elementor-element-9f3788b\" data-id=\"9f3788b\" data-element_type=\"column\" data-e-type=\"column\" link=\"https:\/\/savs.me\/fire-blankets\/\">\n\t\t\t<div class=\"elementor-widget-wrap elementor-element-populated\">\n\t\t\t\t\t\t<div class=\"elementor-element elementor-element-2e3576f elementor-widget elementor-widget-image\" data-id=\"2e3576f\" data-element_type=\"widget\" data-e-type=\"widget\" data-widget_type=\"image.default\">\n\t\t\t\t<div class=\"elementor-widget-container\">\n\t\t\t\t\t\t\t\t\t\t\t\t\t\t\t<img decoding=\"async\" width=\"150\" height=\"150\" src=\"https:\/\/ivendorsecurity.com\/wp-content\/uploads\/2023\/07\/DHI-HY-GA40A-e1690782736667-150x150.png\" class=\"attachment-thumbnail size-thumbnail wp-image-3168\" alt=\"\" srcset=\"https:\/\/ivendorsecurity.com\/wp-content\/uploads\/2023\/07\/DHI-HY-GA40A-e1690782736667-150x150.png 150w, https:\/\/ivendorsecurity.com\/wp-content\/uploads\/2023\/07\/DHI-HY-GA40A-e1690782736667-300x300.png 300w, https:\/\/ivendorsecurity.com\/wp-content\/uploads\/2023\/07\/DHI-HY-GA40A-e1690782736667-1024x1024.png 1024w, https:\/\/ivendorsecurity.com\/wp-content\/uploads\/2023\/07\/DHI-HY-GA40A-e1690782736667-768x768.png 768w, https:\/\/ivendorsecurity.com\/wp-content\/uploads\/2023\/07\/DHI-HY-GA40A-e1690782736667-600x600.png 600w, https:\/\/ivendorsecurity.com\/wp-content\/uploads\/2023\/07\/DHI-HY-GA40A-e1690782736667-100x100.png 100w, https:\/\/ivendorsecurity.com\/wp-content\/uploads\/2023\/07\/DHI-HY-GA40A-e1690782736667.png 1500w\" sizes=\"(max-width: 150px) 100vw, 150px\" \/>\t\t\t\t\t\t\t\t\t\t\t\t\t\t\t<\/div>\n\t\t\t\t<\/div>\n\t\t\t\t\t<\/div>\n\t\t<\/div>\n\t\t\t\t<div class=\"elementor-column elementor-col-25 elementor-inner-column elementor-element elementor-element-f4792c8\" data-id=\"f4792c8\" data-element_type=\"column\" data-e-type=\"column\" link=\"https:\/\/savs.me\/extinguishers\/\">\n\t\t\t<div class=\"elementor-widget-wrap elementor-element-populated\">\n\t\t\t\t\t\t<div class=\"elementor-element elementor-element-f28e705 elementor-widget elementor-widget-heading\" data-id=\"f28e705\" data-element_type=\"widget\" data-e-type=\"widget\" data-widget_type=\"heading.default\">\n\t\t\t\t<div class=\"elementor-widget-container\">\n\t\t\t\t\t<h5 class=\"elementor-heading-title elementor-size-default\">WisuAlarm GA40 Gasmelder<\/h5>\t\t\t\t<\/div>\n\t\t\t\t<\/div>\n\t\t\t\t<div class=\"elementor-element elementor-element-fd6afbf elementor-widget elementor-widget-heading\" data-id=\"fd6afbf\" data-element_type=\"widget\" data-e-type=\"widget\" data-widget_type=\"heading.default\">\n\t\t\t\t<div class=\"elementor-widget-container\">\n\t\t\t\t\t<p class=\"elementor-heading-title elementor-size-default\">Eigenst\u00e4ndiger Erdgas- und LPG-Alarm. Ausgestattet mit 1 Ventilausgang, 1 Relaisausgang. <\/p>\t\t\t\t<\/div>\n\t\t\t\t<\/div>\n\t\t\t\t<div class=\"elementor-element elementor-element-5bfaeaa elementor-widget elementor-widget-image\" data-id=\"5bfaeaa\" data-element_type=\"widget\" data-e-type=\"widget\" data-widget_type=\"image.default\">\n\t\t\t\t<div class=\"elementor-widget-container\">\n\t\t\t\t\t\t\t\t\t\t\t\t\t\t\t<img decoding=\"async\" width=\"40\" height=\"40\" src=\"https:\/\/ivendorsecurity.com\/wp-content\/uploads\/2023\/07\/button-right.png\" class=\"attachment-thumbnail size-thumbnail wp-image-3062\" alt=\"\" \/>\t\t\t\t\t\t\t\t\t\t\t\t\t\t\t<\/div>\n\t\t\t\t<\/div>\n\t\t\t\t\t<\/div>\n\t\t<\/div>\n\t\t\t\t<div class=\"elementor-column elementor-col-25 elementor-inner-column elementor-element elementor-element-6395dd8\" data-id=\"6395dd8\" data-element_type=\"column\" data-e-type=\"column\" link=\"https:\/\/savs.me\/fire-blankets\/\">\n\t\t\t<div class=\"elementor-widget-wrap elementor-element-populated\">\n\t\t\t\t\t\t<div class=\"elementor-element elementor-element-6aaa2aa elementor-widget elementor-widget-image\" data-id=\"6aaa2aa\" data-element_type=\"widget\" data-e-type=\"widget\" data-widget_type=\"image.default\">\n\t\t\t\t<div class=\"elementor-widget-container\">\n\t\t\t\t\t\t\t\t\t\t\t\t\t\t\t<img fetchpriority=\"high\" decoding=\"async\" width=\"446\" height=\"546\" src=\"https:\/\/ivendorsecurity.com\/wp-content\/uploads\/2023\/07\/IMG_3511-e1690782817122.jpg\" class=\"attachment-full size-full wp-image-3169\" alt=\"\" srcset=\"https:\/\/ivendorsecurity.com\/wp-content\/uploads\/2023\/07\/IMG_3511-e1690782817122.jpg 446w, https:\/\/ivendorsecurity.com\/wp-content\/uploads\/2023\/07\/IMG_3511-e1690782817122-245x300.jpg 245w\" sizes=\"(max-width: 446px) 100vw, 446px\" \/>\t\t\t\t\t\t\t\t\t\t\t\t\t\t\t<\/div>\n\t\t\t\t<\/div>\n\t\t\t\t\t<\/div>\n\t\t<\/div>\n\t\t\t\t<div class=\"elementor-column elementor-col-25 elementor-inner-column elementor-element elementor-element-3dcd026\" data-id=\"3dcd026\" data-element_type=\"column\" data-e-type=\"column\" link=\"https:\/\/savs.me\/fire-blankets\/\">\n\t\t\t<div class=\"elementor-widget-wrap elementor-element-populated\">\n\t\t\t\t\t\t<div class=\"elementor-element elementor-element-efe98f7 elementor-widget elementor-widget-heading\" data-id=\"efe98f7\" data-element_type=\"widget\" data-e-type=\"widget\" data-widget_type=\"heading.default\">\n\t\t\t\t<div class=\"elementor-widget-container\">\n\t\t\t\t\t<h5 class=\"elementor-heading-title elementor-size-default\">WisuAlarm M1 CO2 Melder<\/h5>\t\t\t\t<\/div>\n\t\t\t\t<\/div>\n\t\t\t\t<div class=\"elementor-element elementor-element-f2c6a44 elementor-widget elementor-widget-heading\" data-id=\"f2c6a44\" data-element_type=\"widget\" data-e-type=\"widget\" data-widget_type=\"heading.default\">\n\t\t\t\t<div class=\"elementor-widget-container\">\n\t\t\t\t\t<p class=\"elementor-heading-title elementor-size-default\">Beste Qualit\u00e4t NDIR+ Sensor und 14 Tage Batterie. E-Ink-Bildschirm f\u00fcr beste Betrachtungswinkel.<\/p>\t\t\t\t<\/div>\n\t\t\t\t<\/div>\n\t\t\t\t<div class=\"elementor-element elementor-element-d30b9b9 elementor-widget elementor-widget-image\" data-id=\"d30b9b9\" data-element_type=\"widget\" data-e-type=\"widget\" data-widget_type=\"image.default\">\n\t\t\t\t<div class=\"elementor-widget-container\">\n\t\t\t\t\t\t\t\t\t\t\t\t\t\t\t<img decoding=\"async\" width=\"40\" height=\"40\" src=\"https:\/\/ivendorsecurity.com\/wp-content\/uploads\/2023\/07\/button-right.png\" class=\"attachment-thumbnail size-thumbnail wp-image-3062\" alt=\"\" \/>\t\t\t\t\t\t\t\t\t\t\t\t\t\t\t<\/div>\n\t\t\t\t<\/div>\n\t\t\t\t\t<\/div>\n\t\t<\/div>\n\t\t\t\t\t<\/div>\n\t\t<\/section>\n\t\t\t\t\t<\/div>\n\t\t<\/div>\n\t\t\t\t\t<\/div>\n\t\t<\/section>\n\t\t\t\t<\/div>\n\t\t","protected":false},"excerpt":{"rendered":"<p>X-Sense &#8211; SAVS\u00ae &#8211; WisuAlarm Gas- und C02-Detektoren Wir stellen die CO2- und Gasmelder (Erdgas und Fl\u00fcssiggas) von WisuAlarm vor. Der CO2-Melder verf\u00fcgt \u00fcber eine 14-Tage-Batterie, einen E-Ink-Bildschirm und einen erstklassigen NDIR+-Sensor. Beide Gasmelder enthalten ein Ventil und ein Relais. WisuAlarm GA40 Gasmelder Eigenst\u00e4ndiger Erdgas- und LPG-Alarm. Ausgestattet mit 1 Ventilausgang, 1 Relaisausgang. WisuAlarm M1 [&hellip;]<\/p>\n","protected":false},"author":2,"featured_media":0,"parent":0,"menu_order":0,"comment_status":"closed","ping_status":"closed","template":"","meta":{"footnotes":""},"class_list":["post-3222","page","type-page","status-publish","hentry"],"_links":{"self":[{"href":"https:\/\/ivendorsecurity.com\/de\/wp-json\/wp\/v2\/pages\/3222","targetHints":{"allow":["GET"]}}],"collection":[{"href":"https:\/\/ivendorsecurity.com\/de\/wp-json\/wp\/v2\/pages"}],"about":[{"href":"https:\/\/ivendorsecurity.com\/de\/wp-json\/wp\/v2\/types\/page"}],"author":[{"embeddable":true,"href":"https:\/\/ivendorsecurity.com\/de\/wp-json\/wp\/v2\/users\/2"}],"replies":[{"embeddable":true,"href":"https:\/\/ivendorsecurity.com\/de\/wp-json\/wp\/v2\/comments?post=3222"}],"version-history":[{"count":4,"href":"https:\/\/ivendorsecurity.com\/de\/wp-json\/wp\/v2\/pages\/3222\/revisions"}],"predecessor-version":[{"id":3706,"href":"https:\/\/ivendorsecurity.com\/de\/wp-json\/wp\/v2\/pages\/3222\/revisions\/3706"}],"wp:attachment":[{"href":"https:\/\/ivendorsecurity.com\/de\/wp-json\/wp\/v2\/media?parent=3222"}],"curies":[{"name":"wp","href":"https:\/\/api.w.org\/{rel}","templated":true}]}}