{"id":3239,"date":"2023-07-25T14:26:22","date_gmt":"2023-07-25T13:26:22","guid":{"rendered":"https:\/\/ivendorsecurity.com\/magnetische-montagesets\/"},"modified":"2023-11-13T12:34:50","modified_gmt":"2023-11-13T11:34:50","slug":"magnetische-montagesets","status":"publish","type":"page","link":"https:\/\/ivendorsecurity.com\/de\/magnetische-montagesets\/","title":{"rendered":"Magnetische Montagesets"},"content":{"rendered":"\t\t<div data-elementor-type=\"wp-page\" data-elementor-id=\"3239\" class=\"elementor elementor-3239 elementor-1994\" data-elementor-post-type=\"page\">\n\t\t\t\t\t\t<section class=\"elementor-section elementor-top-section elementor-element elementor-element-bd981d3 elementor-section-boxed elementor-section-height-default elementor-section-height-default\" data-id=\"bd981d3\" data-element_type=\"section\" data-e-type=\"section\" data-settings=\"{&quot;background_background&quot;:&quot;classic&quot;,&quot;background_motion_fx_motion_fx_scrolling&quot;:&quot;yes&quot;,&quot;background_motion_fx_devices&quot;:[&quot;desktop&quot;,&quot;tablet&quot;,&quot;mobile&quot;]}\">\n\t\t\t\t\t\t<div class=\"elementor-container elementor-column-gap-default\">\n\t\t\t\t\t<div class=\"elementor-column elementor-col-50 elementor-top-column elementor-element elementor-element-d999fd7\" data-id=\"d999fd7\" data-element_type=\"column\" data-e-type=\"column\">\n\t\t\t<div class=\"elementor-widget-wrap elementor-element-populated\">\n\t\t\t\t\t\t<div class=\"elementor-element elementor-element-cab134c elementor-widget__width-initial elementor-widget elementor-widget-heading\" data-id=\"cab134c\" data-element_type=\"widget\" data-e-type=\"widget\" data-widget_type=\"heading.default\">\n\t\t\t\t<div class=\"elementor-widget-container\">\n\t\t\t\t\t<h2 class=\"elementor-heading-title elementor-size-default\">3 Punkt-Magnete<\/h2>\t\t\t\t<\/div>\n\t\t\t\t<\/div>\n\t\t\t\t<div class=\"elementor-element elementor-element-4c57e20 elementor-widget__width-initial elementor-widget-mobile__width-inherit elementor-widget elementor-widget-heading\" data-id=\"4c57e20\" data-element_type=\"widget\" data-e-type=\"widget\" data-widget_type=\"heading.default\">\n\t\t\t\t<div class=\"elementor-widget-container\">\n\t\t\t\t\t<h2 class=\"elementor-heading-title elementor-size-default\">Lernen Sie unsere magnetischen Montagesets kennen<\/h2>\t\t\t\t<\/div>\n\t\t\t\t<\/div>\n\t\t\t\t<div class=\"elementor-element elementor-element-f0f460e elementor-widget__width-initial elementor-widget-mobile__width-inherit elementor-widget elementor-widget-text-editor\" data-id=\"f0f460e\" data-element_type=\"widget\" data-e-type=\"widget\" data-widget_type=\"text-editor.default\">\n\t\t\t\t<div class=\"elementor-widget-container\">\n\t\t\t\t\t\t\t\t\t<p>Bohren Sie keine L\u00f6cher mehr in W\u00e4nde oder Decken, sondern montieren Sie Melder mit diesen ultrahochfesten Magneten mit 3 Punkten. Erh\u00e4ltlich in den Gr\u00f6\u00dfen 45mm und 60mm, passend f\u00fcr alle g\u00e4ngigen Melder.<\/p>\n\t\t\t\t\t\t\t\t<\/div>\n\t\t\t\t<\/div>\n\t\t\t\t\t<\/div>\n\t\t<\/div>\n\t\t\t\t<div class=\"elementor-column elementor-col-50 elementor-top-column elementor-element elementor-element-30af551\" data-id=\"30af551\" data-element_type=\"column\" data-e-type=\"column\">\n\t\t\t<div class=\"elementor-widget-wrap\">\n\t\t\t\t\t\t\t<\/div>\n\t\t<\/div>\n\t\t\t\t\t<\/div>\n\t\t<\/section>\n\t\t\t\t<section class=\"elementor-section elementor-top-section elementor-element elementor-element-a69cce6 elementor-section-boxed elementor-section-height-default elementor-section-height-default\" data-id=\"a69cce6\" data-element_type=\"section\" data-e-type=\"section\">\n\t\t\t\t\t\t<div class=\"elementor-container elementor-column-gap-default\">\n\t\t\t\t\t<div class=\"elementor-column elementor-col-100 elementor-top-column elementor-element elementor-element-13bb862\" data-id=\"13bb862\" data-element_type=\"column\" data-e-type=\"column\">\n\t\t\t<div class=\"elementor-widget-wrap elementor-element-populated\">\n\t\t\t\t\t\t<section class=\"elementor-section elementor-inner-section elementor-element elementor-element-857e4e6 elementor-section-boxed elementor-section-height-default elementor-section-height-default\" data-id=\"857e4e6\" data-element_type=\"section\" data-e-type=\"section\">\n\t\t\t\t\t\t<div class=\"elementor-container elementor-column-gap-default\">\n\t\t\t\t\t<div class=\"elementor-column elementor-col-25 elementor-inner-column elementor-element elementor-element-706969c\" data-id=\"706969c\" data-element_type=\"column\" data-e-type=\"column\" data-settings=\"{&quot;background_background&quot;:&quot;classic&quot;}\">\n\t\t\t<div class=\"elementor-widget-wrap elementor-element-populated\">\n\t\t\t\t\t\t<div class=\"elementor-element elementor-element-837a08e elementor-widget elementor-widget-image\" data-id=\"837a08e\" data-element_type=\"widget\" data-e-type=\"widget\" data-widget_type=\"image.default\">\n\t\t\t\t<div class=\"elementor-widget-container\">\n\t\t\t\t\t\t\t\t\t\t\t\t\t\t\t<img decoding=\"async\" width=\"63\" height=\"63\" src=\"https:\/\/ivendorsecurity.com\/wp-content\/uploads\/2023\/07\/np_magnet_5635020_000000-1.svg\" class=\"attachment-thumbnail size-thumbnail wp-image-3098\" alt=\"\" \/>\t\t\t\t\t\t\t\t\t\t\t\t\t\t\t<\/div>\n\t\t\t\t<\/div>\n\t\t\t\t<div class=\"elementor-element elementor-element-ac5f84b elementor-widget elementor-widget-heading\" data-id=\"ac5f84b\" data-element_type=\"widget\" data-e-type=\"widget\" data-widget_type=\"heading.default\">\n\t\t\t\t<div class=\"elementor-widget-container\">\n\t\t\t\t\t<h5 class=\"elementor-heading-title elementor-size-default\">Ultrastark - 3-Punkt-Magnete<\/h5>\t\t\t\t<\/div>\n\t\t\t\t<\/div>\n\t\t\t\t\t<\/div>\n\t\t<\/div>\n\t\t\t\t<div class=\"elementor-column elementor-col-25 elementor-inner-column elementor-element elementor-element-1256d87\" data-id=\"1256d87\" data-element_type=\"column\" data-e-type=\"column\">\n\t\t\t<div class=\"elementor-widget-wrap elementor-element-populated\">\n\t\t\t\t\t\t<div class=\"elementor-element elementor-element-8574367 elementor-widget elementor-widget-image\" data-id=\"8574367\" data-element_type=\"widget\" data-e-type=\"widget\" data-widget_type=\"image.default\">\n\t\t\t\t<div class=\"elementor-widget-container\">\n\t\t\t\t\t\t\t\t\t\t\t\t\t\t\t<img fetchpriority=\"high\" decoding=\"async\" width=\"600\" height=\"375\" src=\"https:\/\/ivendorsecurity.com\/wp-content\/uploads\/2023\/07\/rmax45.jpg\" class=\"attachment-medium_large size-medium_large wp-image-3099\" alt=\"\" srcset=\"https:\/\/ivendorsecurity.com\/wp-content\/uploads\/2023\/07\/rmax45.jpg 600w, https:\/\/ivendorsecurity.com\/wp-content\/uploads\/2023\/07\/rmax45-300x188.jpg 300w\" sizes=\"(max-width: 600px) 100vw, 600px\" \/>\t\t\t\t\t\t\t\t\t\t\t\t\t\t\t<\/div>\n\t\t\t\t<\/div>\n\t\t\t\t<div class=\"elementor-element elementor-element-bdd43a5 elementor-widget elementor-widget-heading\" data-id=\"bdd43a5\" data-element_type=\"widget\" data-e-type=\"widget\" data-widget_type=\"heading.default\">\n\t\t\t\t<div class=\"elementor-widget-container\">\n\t\t\t\t\t<h5 class=\"elementor-heading-title elementor-size-default\">RMAX45 - \u00f845mm <\/h5>\t\t\t\t<\/div>\n\t\t\t\t<\/div>\n\t\t\t\t<div class=\"elementor-element elementor-element-1332aa5 elementor-widget elementor-widget-heading\" data-id=\"1332aa5\" data-element_type=\"widget\" data-e-type=\"widget\" data-widget_type=\"heading.default\">\n\t\t\t\t<div class=\"elementor-widget-container\">\n\t\t\t\t\t<p class=\"elementor-heading-title elementor-size-default\">3 Magnet-Punkte - aufrechter Rock - max 1kg - Loch in der Mitte<\/p>\t\t\t\t<\/div>\n\t\t\t\t<\/div>\n\t\t\t\t\t<\/div>\n\t\t<\/div>\n\t\t\t\t<div class=\"elementor-column elementor-col-25 elementor-inner-column elementor-element elementor-element-ec94ea8\" data-id=\"ec94ea8\" data-element_type=\"column\" data-e-type=\"column\">\n\t\t\t<div class=\"elementor-widget-wrap elementor-element-populated\">\n\t\t\t\t\t\t<div class=\"elementor-element elementor-element-4802bb6 elementor-widget elementor-widget-image\" data-id=\"4802bb6\" data-element_type=\"widget\" data-e-type=\"widget\" data-widget_type=\"image.default\">\n\t\t\t\t<div class=\"elementor-widget-container\">\n\t\t\t\t\t\t\t\t\t\t\t\t\t\t\t<img decoding=\"async\" width=\"600\" height=\"375\" src=\"https:\/\/ivendorsecurity.com\/wp-content\/uploads\/2023\/07\/rmax60.jpg\" class=\"attachment-medium_large size-medium_large wp-image-3100\" alt=\"\" srcset=\"https:\/\/ivendorsecurity.com\/wp-content\/uploads\/2023\/07\/rmax60.jpg 600w, https:\/\/ivendorsecurity.com\/wp-content\/uploads\/2023\/07\/rmax60-300x188.jpg 300w\" sizes=\"(max-width: 600px) 100vw, 600px\" \/>\t\t\t\t\t\t\t\t\t\t\t\t\t\t\t<\/div>\n\t\t\t\t<\/div>\n\t\t\t\t<div class=\"elementor-element elementor-element-4c28d1d elementor-widget elementor-widget-heading\" data-id=\"4c28d1d\" data-element_type=\"widget\" data-e-type=\"widget\" data-widget_type=\"heading.default\">\n\t\t\t\t<div class=\"elementor-widget-container\">\n\t\t\t\t\t<h5 class=\"elementor-heading-title elementor-size-default\">RMAX60 - \u00f860 mm<br><\/h5>\t\t\t\t<\/div>\n\t\t\t\t<\/div>\n\t\t\t\t<div class=\"elementor-element elementor-element-5fd1cab elementor-widget elementor-widget-heading\" data-id=\"5fd1cab\" data-element_type=\"widget\" data-e-type=\"widget\" data-widget_type=\"heading.default\">\n\t\t\t\t<div class=\"elementor-widget-container\">\n\t\t\t\t\t<p class=\"elementor-heading-title elementor-size-default\">3 Magnet-Punkte - aufrechter Rock - max 2kg - Loch in der Mitte<\/p>\t\t\t\t<\/div>\n\t\t\t\t<\/div>\n\t\t\t\t\t<\/div>\n\t\t<\/div>\n\t\t\t\t<div class=\"elementor-column elementor-col-25 elementor-inner-column elementor-element elementor-element-769138c\" data-id=\"769138c\" data-element_type=\"column\" data-e-type=\"column\">\n\t\t\t<div class=\"elementor-widget-wrap\">\n\t\t\t\t\t\t\t<\/div>\n\t\t<\/div>\n\t\t\t\t\t<\/div>\n\t\t<\/section>\n\t\t\t\t<section class=\"elementor-section elementor-inner-section elementor-element elementor-element-ffff39a elementor-hidden-desktop elementor-hidden-tablet elementor-section-boxed elementor-section-height-default elementor-section-height-default\" data-id=\"ffff39a\" data-element_type=\"section\" data-e-type=\"section\">\n\t\t\t\t\t\t<div class=\"elementor-container elementor-column-gap-default\">\n\t\t\t\t\t<div class=\"elementor-column elementor-col-33 elementor-inner-column elementor-element elementor-element-9f0eac2\" data-id=\"9f0eac2\" data-element_type=\"column\" data-e-type=\"column\">\n\t\t\t<div class=\"elementor-widget-wrap\">\n\t\t\t\t\t\t\t<\/div>\n\t\t<\/div>\n\t\t\t\t<div class=\"elementor-column elementor-col-33 elementor-inner-column elementor-element elementor-element-cf91715\" data-id=\"cf91715\" data-element_type=\"column\" data-e-type=\"column\">\n\t\t\t<div class=\"elementor-widget-wrap\">\n\t\t\t\t\t\t\t<\/div>\n\t\t<\/div>\n\t\t\t\t<div class=\"elementor-column elementor-col-33 elementor-inner-column elementor-element elementor-element-a04665e\" data-id=\"a04665e\" data-element_type=\"column\" data-e-type=\"column\">\n\t\t\t<div class=\"elementor-widget-wrap\">\n\t\t\t\t\t\t\t<\/div>\n\t\t<\/div>\n\t\t\t\t\t<\/div>\n\t\t<\/section>\n\t\t\t\t\t<\/div>\n\t\t<\/div>\n\t\t\t\t\t<\/div>\n\t\t<\/section>\n\t\t\t\t<section class=\"elementor-section elementor-top-section elementor-element elementor-element-61c2a5c elementor-section-boxed elementor-section-height-default elementor-section-height-default\" data-id=\"61c2a5c\" data-element_type=\"section\" data-e-type=\"section\" data-settings=\"{&quot;background_background&quot;:&quot;classic&quot;}\">\n\t\t\t\t\t\t<div class=\"elementor-container elementor-column-gap-default\">\n\t\t\t\t\t<div class=\"elementor-column elementor-col-100 elementor-top-column elementor-element elementor-element-d442ef2\" data-id=\"d442ef2\" data-element_type=\"column\" data-e-type=\"column\">\n\t\t\t<div class=\"elementor-widget-wrap elementor-element-populated\">\n\t\t\t\t\t\t<section class=\"elementor-section elementor-inner-section elementor-element elementor-element-e1dc20a elementor-section-boxed elementor-section-height-default elementor-section-height-default\" data-id=\"e1dc20a\" data-element_type=\"section\" data-e-type=\"section\">\n\t\t\t\t\t\t<div class=\"elementor-container elementor-column-gap-default\">\n\t\t\t\t\t<div class=\"elementor-column elementor-col-100 elementor-inner-column elementor-element elementor-element-0c79a27\" data-id=\"0c79a27\" data-element_type=\"column\" data-e-type=\"column\">\n\t\t\t<div class=\"elementor-widget-wrap elementor-element-populated\">\n\t\t\t\t\t\t<div class=\"elementor-element elementor-element-42ec455 elementor-widget elementor-widget-heading\" data-id=\"42ec455\" data-element_type=\"widget\" data-e-type=\"widget\" data-widget_type=\"heading.default\">\n\t\t\t\t<div class=\"elementor-widget-container\">\n\t\t\t\t\t<h2 class=\"elementor-heading-title elementor-size-default\">Wiederverk\u00e4ufer werden<\/h2>\t\t\t\t<\/div>\n\t\t\t\t<\/div>\n\t\t\t\t\t<\/div>\n\t\t<\/div>\n\t\t\t\t\t<\/div>\n\t\t<\/section>\n\t\t\t\t<section class=\"elementor-section elementor-inner-section elementor-element elementor-element-ef9f534 elementor-section-boxed elementor-section-height-default elementor-section-height-default\" data-id=\"ef9f534\" data-element_type=\"section\" data-e-type=\"section\">\n\t\t\t\t\t\t<div class=\"elementor-container elementor-column-gap-default\">\n\t\t\t\t\t<div class=\"elementor-column elementor-col-33 elementor-inner-column elementor-element elementor-element-3e802f2\" data-id=\"3e802f2\" data-element_type=\"column\" data-e-type=\"column\">\n\t\t\t<div class=\"elementor-widget-wrap elementor-element-populated\">\n\t\t\t\t\t\t<div class=\"elementor-element elementor-element-aca7d4f elementor-view-default elementor-position-block-start elementor-mobile-position-block-start elementor-widget elementor-widget-icon-box\" data-id=\"aca7d4f\" data-element_type=\"widget\" data-e-type=\"widget\" data-widget_type=\"icon-box.default\">\n\t\t\t\t<div class=\"elementor-widget-container\">\n\t\t\t\t\t\t\t<div class=\"elementor-icon-box-wrapper\">\n\n\t\t\t\t\t\t<div class=\"elementor-icon-box-icon\">\n\t\t\t\t<span  class=\"elementor-icon\">\n\t\t\t\t<svg xmlns=\"http:\/\/www.w3.org\/2000\/svg\" width=\"68\" height=\"68\" viewBox=\"0 0 68 68\" fill=\"none\"><path d=\"M45.2629 13.1522L45.2703 13.1552L45.2778 13.1576L65.0594 19.6151C65.6529 19.8545 66.0503 20.3817 66.0503 21.0104L66.0529 46.9198C66.0529 47.5662 65.6401 48.1414 65.0755 48.3113L65.0754 48.3112L65.0691 48.3133L45.2798 54.8423L45.2781 54.8429C45.1154 54.8979 45.0156 54.8988 44.8136 54.8988C44.6115 54.8988 44.5118 54.8979 44.349 54.8429L44.3466 54.8421L24.5651 48.382C23.9714 48.1426 23.5742 47.6174 23.5742 46.9862V21.0109C23.5742 20.3644 23.987 19.7892 24.5517 19.6194L24.5517 19.6194L24.5573 19.6176L44.3439 13.1576L44.3449 13.1573C44.7085 13.0369 44.9869 13.0423 45.2629 13.1522ZM43.0336 51.3729L43.0717 51.3854L43.1119 51.3853L43.1807 51.3851L43.4302 51.3846V51.1351V28.6979V28.5159L43.2571 28.46L36.728 26.3509L36.4011 26.2453V26.5888V38.1488C36.4011 38.9616 35.764 39.5988 34.9511 39.5988C34.1383 39.5988 33.5011 38.9616 33.5011 38.1488V25.4335V25.2515L33.328 25.1956L26.7989 23.0865L26.472 22.9809V23.3244V45.7644V45.9455L26.6442 46.0019L43.0336 51.3729ZM44.7345 25.9425L44.8118 25.9675L44.8891 25.9423L59.2389 21.2487L59.9657 21.011L59.2388 20.7734L44.8922 16.0852L44.8145 16.0598L44.7369 16.0852L30.3875 20.7761L29.6621 21.0132L30.3872 21.2513L34.9427 22.7467L35.0249 22.7737L35.1062 22.7441L42.3752 20.0955C43.1435 19.8633 43.95 20.2186 44.2381 20.968C44.5235 21.7106 44.1308 22.523 43.3647 22.8192L40.1034 23.9735L39.4074 24.2199L40.1099 24.4471L44.7345 25.9425ZM62.9776 46.0025L63.1508 45.9466L63.1508 45.7646L63.151 23.3272L63.151 22.9822L62.8232 23.0897L46.4338 28.4606L46.2617 28.517V28.6981V51.1381V51.4816L46.5885 51.376L53.1176 49.2669L53.2908 49.211V49.0291V40.5291C53.2908 39.6999 53.8721 39.0791 54.6717 39.0791C55.4845 39.0791 56.1217 39.7162 56.1217 40.5291V47.8737V48.2172L56.4485 48.1116L62.9776 46.0025Z\" fill=\"#F54653\" stroke=\"#F0F0F0\" stroke-width=\"0.5\"><\/path><path d=\"M3.4002 23.0996H15.4355C16.1709 23.0996 16.8232 23.7242 16.8855 24.5583C16.881 25.367 16.2455 25.9996 15.4355 25.9996H3.4002C2.58735 25.9996 1.9502 25.3625 1.9502 24.5496C1.9502 23.7368 2.58735 23.0996 3.4002 23.0996Z\" fill=\"#F54653\" stroke=\"#F0F0F0\" stroke-width=\"0.5\"><\/path><path d=\"M3.4002 32.55H15.4355C16.1883 32.55 16.8855 33.1935 16.8855 34C16.8855 34.8129 16.2484 35.45 15.4355 35.45H3.4002C2.58735 35.45 1.9502 34.8129 1.9502 34C1.9502 33.1872 2.58735 32.55 3.4002 32.55Z\" fill=\"#F54653\" stroke=\"#F0F0F0\" stroke-width=\"0.5\"><\/path><path d=\"M3.4002 42.001H15.4355C16.1883 42.001 16.8855 42.6444 16.8855 43.451C16.8855 44.2638 16.2484 44.901 15.4355 44.901H3.4002C2.58736 44.901 1.9502 44.2638 1.9502 43.451C1.9502 42.6381 2.58735 42.001 3.4002 42.001Z\" fill=\"#F54653\" stroke=\"#F0F0F0\" stroke-width=\"0.5\"><\/path><\/svg>\t\t\t\t<\/span>\n\t\t\t<\/div>\n\t\t\t\n\t\t\t\t\t\t<div class=\"elementor-icon-box-content\">\n\n\t\t\t\t\t\t\t\t\t<h5 class=\"elementor-icon-box-title\">\n\t\t\t\t\t\t<span  >\n\t\t\t\t\t\t\tSchnelle Lieferung\t\t\t\t\t\t<\/span>\n\t\t\t\t\t<\/h5>\n\t\t\t\t\n\t\t\t\t\t\t\t\t\t<p class=\"elementor-icon-box-description\">\n\t\t\t\t\t\tWir liefern immer aus unserem Vorrat.\t\t\t\t\t<\/p>\n\t\t\t\t\n\t\t\t<\/div>\n\t\t\t\n\t\t<\/div>\n\t\t\t\t\t\t<\/div>\n\t\t\t\t<\/div>\n\t\t\t\t\t<\/div>\n\t\t<\/div>\n\t\t\t\t<div class=\"elementor-column elementor-col-33 elementor-inner-column elementor-element elementor-element-f09fdec\" data-id=\"f09fdec\" data-element_type=\"column\" data-e-type=\"column\">\n\t\t\t<div class=\"elementor-widget-wrap elementor-element-populated\">\n\t\t\t\t\t\t<div class=\"elementor-element elementor-element-663ef47 elementor-view-default elementor-position-block-start elementor-mobile-position-block-start elementor-widget elementor-widget-icon-box\" data-id=\"663ef47\" data-element_type=\"widget\" data-e-type=\"widget\" data-widget_type=\"icon-box.default\">\n\t\t\t\t<div class=\"elementor-widget-container\">\n\t\t\t\t\t\t\t<div class=\"elementor-icon-box-wrapper\">\n\n\t\t\t\t\t\t<div class=\"elementor-icon-box-icon\">\n\t\t\t\t<span  class=\"elementor-icon\">\n\t\t\t\t<i aria-hidden=\"true\" class=\"icon icon-noun-brand-5512798-f54653-1\"><\/i>\t\t\t\t<\/span>\n\t\t\t<\/div>\n\t\t\t\n\t\t\t\t\t\t<div class=\"elementor-icon-box-content\">\n\n\t\t\t\t\t\t\t\t\t<h5 class=\"elementor-icon-box-title\">\n\t\t\t\t\t\t<span  >\n\t\t\t\t\t\t\tBester Preis\/Qualit\u00e4t\t\t\t\t\t\t<\/span>\n\t\t\t\t\t<\/h5>\n\t\t\t\t\n\t\t\t\t\t\t\t\t\t<p class=\"elementor-icon-box-description\">\n\t\t\t\t\t\tDie Qualit\u00e4t ist perfekt und die R\u00e4nder sind gro\u00dfartig. \t\t\t\t\t<\/p>\n\t\t\t\t\n\t\t\t<\/div>\n\t\t\t\n\t\t<\/div>\n\t\t\t\t\t\t<\/div>\n\t\t\t\t<\/div>\n\t\t\t\t\t<\/div>\n\t\t<\/div>\n\t\t\t\t<div class=\"elementor-column elementor-col-33 elementor-inner-column elementor-element elementor-element-0010bd2\" data-id=\"0010bd2\" data-element_type=\"column\" data-e-type=\"column\">\n\t\t\t<div class=\"elementor-widget-wrap elementor-element-populated\">\n\t\t\t\t\t\t<div class=\"elementor-element elementor-element-06bdb2c elementor-view-default elementor-position-block-start elementor-mobile-position-block-start elementor-widget elementor-widget-icon-box\" data-id=\"06bdb2c\" data-element_type=\"widget\" data-e-type=\"widget\" data-widget_type=\"icon-box.default\">\n\t\t\t\t<div class=\"elementor-widget-container\">\n\t\t\t\t\t\t\t<div class=\"elementor-icon-box-wrapper\">\n\n\t\t\t\t\t\t<div class=\"elementor-icon-box-icon\">\n\t\t\t\t<a href=\"\" class=\"elementor-icon\" tabindex=\"-1\" aria-label=\"Exklusive Rechte\">\n\t\t\t\t<i aria-hidden=\"true\" class=\"icon icon-noun-trade-4142527-f54653\"><\/i>\t\t\t\t<\/a>\n\t\t\t<\/div>\n\t\t\t\n\t\t\t\t\t\t<div class=\"elementor-icon-box-content\">\n\n\t\t\t\t\t\t\t\t\t<h5 class=\"elementor-icon-box-title\">\n\t\t\t\t\t\t<a href=\"\" >\n\t\t\t\t\t\t\tExklusive Rechte\t\t\t\t\t\t<\/a>\n\t\t\t\t\t<\/h5>\n\t\t\t\t\n\t\t\t\t\t\t\t\t\t<p class=\"elementor-icon-box-description\">\n\t\t\t\t\t\tSch\u00fctzen Sie Ihr Unternehmen. Bitte kontaktieren Sie uns unter <u>info@ivendorsecurity.com<\/u>\t\t\t\t\t<\/p>\n\t\t\t\t\n\t\t\t<\/div>\n\t\t\t\n\t\t<\/div>\n\t\t\t\t\t\t<\/div>\n\t\t\t\t<\/div>\n\t\t\t\t\t<\/div>\n\t\t<\/div>\n\t\t\t\t\t<\/div>\n\t\t<\/section>\n\t\t\t\t<section class=\"elementor-section elementor-inner-section elementor-element elementor-element-3782406 elementor-section-boxed elementor-section-height-default elementor-section-height-default\" data-id=\"3782406\" data-element_type=\"section\" data-e-type=\"section\">\n\t\t\t\t\t\t<div class=\"elementor-container elementor-column-gap-default\">\n\t\t\t\t\t<div class=\"elementor-column elementor-col-100 elementor-inner-column elementor-element elementor-element-291dea3\" data-id=\"291dea3\" data-element_type=\"column\" data-e-type=\"column\">\n\t\t\t<div class=\"elementor-widget-wrap elementor-element-populated\">\n\t\t\t\t\t\t<div class=\"elementor-element elementor-element-abbcd16 elementor-widget elementor-widget-heading\" data-id=\"abbcd16\" data-element_type=\"widget\" data-e-type=\"widget\" data-widget_type=\"heading.default\">\n\t\t\t\t<div class=\"elementor-widget-container\">\n\t\t\t\t\t<h4 class=\"elementor-heading-title elementor-size-default\">Werden Sie Partner, werden Sie noch heute Wiederverk\u00e4ufer.<\/h4>\t\t\t\t<\/div>\n\t\t\t\t<\/div>\n\t\t\t\t<div class=\"elementor-element elementor-element-b0445c6 elementor-align-center elementor-widget elementor-widget-button\" data-id=\"b0445c6\" data-element_type=\"widget\" data-e-type=\"widget\" data-widget_type=\"button.default\">\n\t\t\t\t<div class=\"elementor-widget-container\">\n\t\t\t\t\t\t\t\t\t<div class=\"elementor-button-wrapper\">\n\t\t\t\t\t<a class=\"elementor-button elementor-button-link elementor-size-sm\" href=\"\">\n\t\t\t\t\t\t<span class=\"elementor-button-content-wrapper\">\n\t\t\t\t\t\t\t\t\t<span class=\"elementor-button-text\">Nehmen Sie Kontakt auf<\/span>\n\t\t\t\t\t<\/span>\n\t\t\t\t\t<\/a>\n\t\t\t\t<\/div>\n\t\t\t\t\t\t\t\t<\/div>\n\t\t\t\t<\/div>\n\t\t\t\t\t<\/div>\n\t\t<\/div>\n\t\t\t\t\t<\/div>\n\t\t<\/section>\n\t\t\t\t\t<\/div>\n\t\t<\/div>\n\t\t\t\t\t<\/div>\n\t\t<\/section>\n\t\t\t\t<\/div>\n\t\t","protected":false},"excerpt":{"rendered":"<p>3 Punkt-Magnete Lernen Sie unsere magnetischen Montagesets kennen Bohren Sie keine L\u00f6cher mehr in W\u00e4nde oder Decken, sondern montieren Sie Melder mit diesen ultrahochfesten Magneten mit 3 Punkten. Erh\u00e4ltlich in den Gr\u00f6\u00dfen 45mm und 60mm, passend f\u00fcr alle g\u00e4ngigen Melder. Ultrastark &#8211; 3-Punkt-Magnete RMAX45 &#8211; \u00f845mm 3 Magnet-Punkte &#8211; aufrechter Rock &#8211; max 1kg &#8211; [&hellip;]<\/p>\n","protected":false},"author":2,"featured_media":0,"parent":0,"menu_order":0,"comment_status":"closed","ping_status":"closed","template":"","meta":{"footnotes":""},"class_list":["post-3239","page","type-page","status-publish","hentry"],"_links":{"self":[{"href":"https:\/\/ivendorsecurity.com\/de\/wp-json\/wp\/v2\/pages\/3239","targetHints":{"allow":["GET"]}}],"collection":[{"href":"https:\/\/ivendorsecurity.com\/de\/wp-json\/wp\/v2\/pages"}],"about":[{"href":"https:\/\/ivendorsecurity.com\/de\/wp-json\/wp\/v2\/types\/page"}],"author":[{"embeddable":true,"href":"https:\/\/ivendorsecurity.com\/de\/wp-json\/wp\/v2\/users\/2"}],"replies":[{"embeddable":true,"href":"https:\/\/ivendorsecurity.com\/de\/wp-json\/wp\/v2\/comments?post=3239"}],"version-history":[{"count":1,"href":"https:\/\/ivendorsecurity.com\/de\/wp-json\/wp\/v2\/pages\/3239\/revisions"}],"predecessor-version":[{"id":3240,"href":"https:\/\/ivendorsecurity.com\/de\/wp-json\/wp\/v2\/pages\/3239\/revisions\/3240"}],"wp:attachment":[{"href":"https:\/\/ivendorsecurity.com\/de\/wp-json\/wp\/v2\/media?parent=3239"}],"curies":[{"name":"wp","href":"https:\/\/api.w.org\/{rel}","templated":true}]}}