{"id":3242,"date":"2023-05-11T08:44:21","date_gmt":"2023-05-11T07:44:21","guid":{"rendered":"https:\/\/ivendorsecurity.com\/datenschutzbestimmungen\/"},"modified":"2023-11-13T13:27:08","modified_gmt":"2023-11-13T12:27:08","slug":"datenschutzbestimmungen","status":"publish","type":"page","link":"https:\/\/ivendorsecurity.com\/de\/datenschutzbestimmungen\/","title":{"rendered":"Datenschutzbestimmungen"},"content":{"rendered":"\t\t<div data-elementor-type=\"wp-page\" data-elementor-id=\"3242\" class=\"elementor elementor-3242 elementor-3\" data-elementor-post-type=\"page\">\n\t\t\t\t\t\t<section class=\"elementor-section elementor-top-section elementor-element elementor-element-1312d315 elementor-section-boxed elementor-section-height-default elementor-section-height-default\" data-id=\"1312d315\" data-element_type=\"section\" data-e-type=\"section\">\n\t\t\t\t\t\t<div class=\"elementor-container elementor-column-gap-default\">\n\t\t\t\t\t<div class=\"elementor-column elementor-col-100 elementor-top-column elementor-element elementor-element-344bbb0b\" data-id=\"344bbb0b\" data-element_type=\"column\" data-e-type=\"column\">\n\t\t\t<div class=\"elementor-widget-wrap elementor-element-populated\">\n\t\t\t\t\t\t<div class=\"elementor-element elementor-element-182f0582 elementor-widget elementor-widget-text-editor\" data-id=\"182f0582\" data-element_type=\"widget\" data-e-type=\"widget\" data-widget_type=\"text-editor.default\">\n\t\t\t\t<div class=\"elementor-widget-container\">\n\t\t\t\t\t\t\t\t\t<p style=\"margin: 0cm; font-size: 12pt; font-family: Calibri, sans-serif; color: rgb(0, 0, 0);\"><b><span lang=\"EN-US\">Datenschutz- und Cookie-Erkl\u00e4rung IVendor<o:p><\/o:p><\/span><\/b><\/p>\n<p style=\"margin: 0cm; font-size: 12pt; font-family: Calibri, sans-serif; color: rgb(0, 0, 0);\"><span lang=\"EN-US\">1. September 2023<o:p><\/o:p><\/span><\/p>\n<p style=\"margin: 0cm; font-size: 12pt; font-family: Calibri, sans-serif; color: rgb(0, 0, 0);\"><span style=\"font-size: 12pt; font-weight: var( --e-global-typography-text-font-weight );\"><br \/>\u00dcber unsere Website werden datenschutzrelevante Daten oder personenbezogene Daten verarbeitet. Datenschutzrelevante Daten oder personenbezogene Daten werden \u00fcber unsere Website verarbeitet. IVendor (und alle mit ihr verbundenen Unternehmen) misst dem sorgf\u00e4ltigen Umgang mit personenbezogenen Daten gro\u00dfe Bedeutung bei. Personenbezogene Daten werden daher von uns sorgf\u00e4ltig verarbeitet und gesichert.<\/span><\/p>\n<p style=\"margin: 0cm; font-size: 12pt; font-family: Calibri, sans-serif; color: rgb(0, 0, 0);\"><span lang=\"EN-US\">&nbsp;<\/span><\/p>\n<p style=\"margin: 0cm; font-size: 12pt; font-family: Calibri, sans-serif; color: rgb(0, 0, 0);\"><span lang=\"EN-US\">Bei der Verarbeitung halten wir uns an die Anforderungen der Datenschutzgesetze. Das bedeutet unter anderem, dass wir:<o:p><\/o:p><\/span><\/p>\n<p style=\"margin: 0cm; font-size: 12pt; font-family: Calibri, sans-serif; color: rgb(0, 0, 0);\"><span lang=\"EN-US\">\u2022 unsere Zwecke vor der Verarbeitung personenbezogener Daten in dieser Datenschutzerkl\u00e4rung klar angeben;<o:p><\/o:p><\/span><\/p>\n<p style=\"margin: 0cm; font-size: 12pt; font-family: Calibri, sans-serif; color: rgb(0, 0, 0);\"><span lang=\"EN-US\">\u2022 die Erfassung personenbezogener Daten auf die f\u00fcr rechtm\u00e4\u00dfige Zwecke erforderlichen personenbezogenen Daten zu beschr\u00e4nken;<o:p><\/o:p><\/span><\/p>\n<p style=\"margin: 0cm; font-size: 12pt; font-family: Calibri, sans-serif; color: rgb(0, 0, 0);\"><span lang=\"EN-US\">\u2022 in den F\u00e4llen, in denen Ihre Zustimmung erforderlich ist, Sie zun\u00e4chst um Ihre ausdr\u00fcckliche Zustimmung zur Verarbeitung Ihrer personenbezogenen Daten bitten;<o:p><\/o:p><\/span><\/p>\n<p style=\"margin: 0cm; font-size: 12pt; font-family: Calibri, sans-serif; color: rgb(0, 0, 0);\"><span lang=\"EN-US\">\u2022 geeignete Sicherheitsma\u00dfnahmen zum Schutz Ihrer personenbezogenen Daten zu ergreifen und dies auch von den Parteien zu verlangen, die personenbezogene Daten in unserem Auftrag verarbeiten;<o:p><\/o:p><\/span><\/p>\n<p style=\"margin: 0cm; font-size: 12pt; font-family: Calibri, sans-serif; color: rgb(0, 0, 0);\"><span lang=\"EN-US\">\u2022 Ihr Recht auf Einsichtnahme, Berichtigung oder L\u00f6schung Ihrer personenbezogenen Daten auf Ihren Wunsch hin respektieren.<o:p><\/o:p><\/span><\/p>\n<p style=\"margin: 0cm; font-size: 12pt; font-family: Calibri, sans-serif; color: rgb(0, 0, 0);\"><span lang=\"EN-US\">IVendor ist f\u00fcr die Datenverarbeitung verantwortlich. In dieser Datenschutzerkl\u00e4rung erl\u00e4utern wir, welche personenbezogenen Daten wir zu welchem Zweck auf der IVendor-Website erheben und verwenden. Wir empfehlen Ihnen, diese sorgf\u00e4ltig zu lesen.<o:p><\/o:p><\/span><\/p>\n<p style=\"margin: 0cm; font-size: 12pt; font-family: Calibri, sans-serif; color: rgb(0, 0, 0);\"><span lang=\"EN-US\">&nbsp;<\/span><\/p>\n<p style=\"margin: 0cm; font-size: 12pt; font-family: Calibri, sans-serif; color: rgb(0, 0, 0);\"><span lang=\"EN-US\">Wenn Sie Fragen haben oder genau wissen m\u00f6chten, welche Informationen wir \u00fcber Sie speichern, wenden Sie sich bitte an IVendor.<o:p><\/o:p><\/span><\/p>\n<p style=\"margin: 0cm; font-size: 12pt; font-family: Calibri, sans-serif; color: rgb(0, 0, 0);\"><span lang=\"EN-US\">&nbsp;<\/span><\/p>\n<p style=\"margin: 0cm; font-size: 12pt; font-family: Calibri, sans-serif; color: rgb(0, 0, 0);\"><b><span lang=\"EN-US\">Weitergabe an Dritte<o:p><\/o:p><\/span><\/b><\/p>\n<p style=\"margin: 0cm; font-size: 12pt; font-family: Calibri, sans-serif; color: rgb(0, 0, 0);\"><span lang=\"EN-US\">Wir arbeiten mit bestimmten Unternehmen zusammen, die Ihre oben genannten personenbezogenen Daten von uns erhalten k\u00f6nnen. Wir teilen Daten mit den folgenden Parteien, die f\u00fcr uns ma\u00dfgeschneiderte Werbung bereitstellen:<o:p><\/o:p><\/span><\/p>\n<p style=\"margin: 0cm; font-size: 12pt; font-family: Calibri, sans-serif; color: rgb(0, 0, 0);\"><span lang=\"EN-US\">&nbsp;<\/span><\/p>\n<p style=\"margin: 0cm; font-size: 12pt; font-family: Calibri, sans-serif; color: rgb(0, 0, 0);\"><b><span lang=\"EN-US\">Kontaktformular und Newsletter<o:p><\/o:p><\/span><\/b><\/p>\n<p style=\"margin: 0cm; font-size: 12pt; font-family: Calibri, sans-serif; color: rgb(0, 0, 0);\"><span lang=\"EN-US\">Sie k\u00f6nnen uns \u00fcber das Kontaktformular Fragen stellen oder W\u00fcnsche \u00e4u\u00dfern. Dazu verwenden wir Ihren Namen und Ihre Adressdaten, Ihre Telefonnummer, Ihre Rechnungsadresse und Ihre E-Mail-Adresse. Wir tun dies auf der Grundlage Ihrer Zustimmung. Wir bewahren diese Informationen auf, bis wir sicher sind, dass Sie mit unserer Antwort zufrieden sind.<o:p><\/o:p><\/span><\/p>\n<p style=\"margin: 0cm; font-size: 12pt; font-family: Calibri, sans-serif; color: rgb(0, 0, 0);\"><span lang=\"EN-US\">Wir bieten einen Newsletter an, mit dem wir Interessenten \u00fcber unsere Produkte und\/oder Dienstleistungen informieren wollen. Jeder Newsletter enth\u00e4lt einen Link, mit dem Sie sich abmelden k\u00f6nnen. Sie k\u00f6nnen dies auch per E-Mail weiterleiten.<o:p><\/o:p><\/span><\/p>\n<p style=\"margin: 0cm; font-size: 12pt; font-family: Calibri, sans-serif; color: rgb(0, 0, 0);\"><span lang=\"EN-US\">Ihre E-Mail-Adresse wird automatisch in die Liste der Abonnenten aufgenommen. Diese Daten werden gespeichert, bis Sie das Abonnement k\u00fcndigen.<o:p><\/o:p><\/span><\/p>\n<p style=\"margin: 0cm; font-size: 12pt; font-family: Calibri, sans-serif; color: rgb(0, 0, 0);\"><span lang=\"EN-US\">&nbsp;<\/span><\/p>\n<p style=\"margin: 0cm; font-size: 12pt; font-family: Calibri, sans-serif; color: rgb(0, 0, 0);\"><b><span lang=\"EN-US\">Statistik und Profilerstellung<o:p><\/o:p><\/span><\/b><\/p>\n<p style=\"margin: 0cm; font-size: 12pt; font-family: Calibri, sans-serif; color: rgb(0, 0, 0);\"><span lang=\"EN-US\">Wir f\u00fchren Statistiken \u00fcber die Nutzung unserer Website. Wir verwenden diese Statistiken, um unsere Website zu verbessern, zum Beispiel um nur relevante Informationen anzuzeigen. Wir k\u00f6nnen Ihre personenbezogenen Daten kombinieren, um mehr \u00fcber Sie zu erfahren. Selbstverst\u00e4ndlich werden wir Ihre Privatsph\u00e4re jederzeit respektieren. Wenn Sie dies nicht w\u00fcnschen, k\u00f6nnen Sie uns dies jederzeit melden.<o:p><\/o:p><\/span><\/p>\n<p style=\"margin: 0cm; font-size: 12pt; font-family: Calibri, sans-serif; color: rgb(0, 0, 0);\"><span lang=\"EN-US\">Dazu verwenden wir Ihren Namen und Ihre Adressdaten, Ihre Telefonnummer, Ihre Rechnungsadresse und Ihre E-Mail-Adresse. Wir tun dies auf der Grundlage Ihrer Zustimmung. Wir speichern diese Informationen ein Jahr lang.<o:p><\/o:p><\/span><\/p>\n<p style=\"margin: 0cm; font-size: 12pt; font-family: Calibri, sans-serif; color: rgb(0, 0, 0);\"><span lang=\"EN-US\">&nbsp;<\/span><\/p>\n<p style=\"margin: 0cm; font-size: 12pt; font-family: Calibri, sans-serif; color: rgb(0, 0, 0);\"><b><span lang=\"EN-US\">Anzeige<o:p><\/o:p><\/span><\/b><\/p>\n<p style=\"margin: 0cm; font-size: 12pt; font-family: Calibri, sans-serif; color: rgb(0, 0, 0);\"><span lang=\"EN-US\">Wir m\u00f6chten Ihnen gerne Werbung \u00fcber Angebote und neue Produkte oder Dienstleistungen schicken. Wir tun dies per E-Mail. Sie k\u00f6nnen dieser Werbung jederzeit widersprechen. Jede E-Mail enth\u00e4lt einen Link zum Abbestellen.<o:p><\/o:p><\/span><\/p>\n<p style=\"margin: 0cm; font-size: 12pt; font-family: Calibri, sans-serif; color: rgb(0, 0, 0);\"><span lang=\"EN-US\">&nbsp;<\/span><\/p>\n<p style=\"margin: 0cm; font-size: 12pt; font-family: Calibri, sans-serif; color: rgb(0, 0, 0);\"><b><span lang=\"EN-US\">Bereitstellung f\u00fcr andere Unternehmen oder Institutionen<o:p><\/o:p><\/span><\/b><\/p>\n<p style=\"margin: 0cm; font-size: 12pt; font-family: Calibri, sans-serif; color: rgb(0, 0, 0);\"><span lang=\"EN-US\">Mit Ausnahme der oben genannten Partner geben wir Ihre personenbezogenen Daten in keinem Fall an andere Unternehmen oder Institutionen weiter, es sei denn, wir sind dazu gesetzlich verpflichtet (z. B. wenn die Polizei dies im Falle eines Verdachts auf eine Straftat verlangt).<o:p><\/o:p><\/span><\/p>\n<p style=\"margin: 0cm; font-size: 12pt; font-family: Calibri, sans-serif; color: rgb(0, 0, 0);\"><span lang=\"EN-US\">&nbsp;<\/span><\/p>\n<p style=\"margin: 0cm; font-size: 12pt; font-family: Calibri, sans-serif; color: rgb(0, 0, 0);\"><b><span lang=\"EN-US\">Statistik<o:p><\/o:p><\/span><\/b><\/p>\n<p style=\"margin: 0cm; font-size: 12pt; font-family: Calibri, sans-serif; color: rgb(0, 0, 0);\"><span lang=\"EN-US\">Wir f\u00fchren Statistiken \u00fcber die Nutzung unserer Website. Auf unserer Website befinden sich Schaltfl\u00e4chen f\u00fcr soziale Medien. Die Administratoren dieser Dienste sammeln Ihre pers\u00f6nlichen Daten.<o:p><\/o:p><\/span><\/p>\n<p style=\"margin: 0cm; font-size: 12pt; font-family: Calibri, sans-serif; color: rgb(0, 0, 0);\"><span lang=\"EN-US\">&nbsp;<\/span><\/p>\n<p style=\"margin: 0cm; font-size: 12pt; font-family: Calibri, sans-serif; color: rgb(0, 0, 0);\"><b><span lang=\"EN-US\">Cookies<o:p><\/o:p><\/span><\/b><\/p>\n<p style=\"margin: 0cm; font-size: 12pt; font-family: Calibri, sans-serif; color: rgb(0, 0, 0);\"><span lang=\"EN-US\">Unsere Website verwendet Cookies. Cookies sind kleine Dateien, in denen wir Informationen speichern k\u00f6nnen, damit Sie sie nicht jedes Mal neu eingeben m\u00fcssen. Aber es erlaubt uns auch zu sehen, dass Sie uns wieder besuchen.<o:p><\/o:p><\/span><\/p>\n<p style=\"margin: 0cm; font-size: 12pt; font-family: Calibri, sans-serif; color: rgb(0, 0, 0);\"><span lang=\"EN-US\">Wenn Sie unsere Website zum ersten Mal besuchen, erscheint eine Meldung, in der Cookies erkl\u00e4rt werden. Wir werden Sie um Ihr Einverst\u00e4ndnis mit der Verwendung dieser Cookies bitten.<o:p><\/o:p><\/span><\/p>\n<p style=\"margin: 0cm; font-size: 12pt; font-family: Calibri, sans-serif; color: rgb(0, 0, 0);\"><span lang=\"EN-US\">Sie k\u00f6nnen das Setzen von Cookies \u00fcber Ihren Browser deaktivieren, aber einige Dinge auf unserer Website werden dann nicht mehr richtig funktionieren.<o:p><\/o:p><\/span><\/p>\n<p style=\"margin: 0cm; font-size: 12pt; font-family: Calibri, sans-serif; color: rgb(0, 0, 0);\"><span lang=\"EN-US\">Wir haben mit anderen Unternehmen, die Cookies setzen, Vereinbarungen \u00fcber die Verwendung von Cookies getroffen. Wir haben jedoch keine vollst\u00e4ndige Kontrolle dar\u00fcber, was sie mit den Cookies machen. Lesen Sie also auch deren Datenschutzerkl\u00e4rungen. (Hinweis: Diese k\u00f6nnen sich regelm\u00e4\u00dfig \u00e4ndern)<o:p><\/o:p><\/span><\/p>\n<p style=\"margin: 0cm; font-size: 12pt; font-family: Calibri, sans-serif; color: rgb(0, 0, 0);\"><span lang=\"EN-US\">&nbsp;<\/span><\/p>\n<p style=\"margin: 0cm; font-size: 12pt; font-family: Calibri, sans-serif; color: rgb(0, 0, 0);\"><b><span lang=\"EN-US\">Google Analytics<o:p><\/o:p><\/span><\/b><\/p>\n<p style=\"margin: 0cm; font-size: 12pt; font-family: Calibri, sans-serif; color: rgb(0, 0, 0);\"><span lang=\"EN-US\">Wir verwenden Google Analytics, um zu verfolgen, wie Besucher unsere Website nutzen. Wir haben eine Verarbeitungsvereinbarung mit Google abgeschlossen. Darin sind strenge Vereinbarungen dar\u00fcber enthalten, was sie behalten d\u00fcrfen. Wir haben Google nicht gestattet, die erhaltenen Analytics-Informationen f\u00fcr andere Google-Dienste zu verwenden. Wir lassen Google die IP-Adressen anonymisieren.<o:p><\/o:p><\/span><\/p>\n<p style=\"margin: 0cm; font-size: 12pt; font-family: Calibri, sans-serif; color: rgb(0, 0, 0);\"><span lang=\"EN-US\">&nbsp;<\/span><\/p>\n<p style=\"margin: 0cm; font-size: 12pt; font-family: Calibri, sans-serif; color: rgb(0, 0, 0);\"><b><span lang=\"EN-US\">Sicherheit<o:p><\/o:p><\/span><\/b><\/p>\n<p style=\"margin: 0cm; font-size: 12pt; font-family: Calibri, sans-serif; color: rgb(0, 0, 0);\"><span lang=\"EN-US\">Die Sicherheit personenbezogener Daten ist f\u00fcr uns von gro\u00dfer Bedeutung. Wir sorgen daf\u00fcr, dass Ihre Daten bei uns gut gesichert sind. Wir passen die Sicherheitsvorkehrungen st\u00e4ndig an und achten genau darauf, was schief gehen k\u00f6nnte.<o:p><\/o:p><\/span><\/p>\n<p style=\"margin: 0cm; font-size: 12pt; font-family: Calibri, sans-serif; color: rgb(0, 0, 0);\"><span lang=\"EN-US\">&nbsp;<\/span><\/p>\n<p style=\"margin: 0cm; font-size: 12pt; font-family: Calibri, sans-serif; color: rgb(0, 0, 0);\"><b><span lang=\"EN-US\">\u00c4nderungen an dieser Datenschutzerkl\u00e4rung<o:p><\/o:p><\/span><\/b><\/p>\n<p style=\"margin: 0cm; font-size: 12pt; font-family: Calibri, sans-serif; color: rgb(0, 0, 0);\"><span lang=\"EN-US\">Wir behalten uns das Recht vor, \u00c4nderungen an dieser Datenschutzerkl\u00e4rung vorzunehmen. Es wird empfohlen, diese Datenschutzerkl\u00e4rung regelm\u00e4\u00dfig zu konsultieren, damit Sie \u00fcber diese \u00c4nderungen informiert sind. Wir werden unser Bestes tun, um \u00c4nderungen gesondert anzuk\u00fcndigen.<o:p><\/o:p><\/span><\/p>\n<p style=\"margin: 0cm; font-size: 12pt; font-family: Calibri, sans-serif; color: rgb(0, 0, 0);\"><span lang=\"EN-US\">&nbsp;<\/span><\/p>\n<p style=\"margin: 0cm; font-size: 12pt; font-family: Calibri, sans-serif; color: rgb(0, 0, 0);\"><span lang=\"EN-US\">&nbsp;<\/span><\/p>\n<p style=\"margin: 0cm; font-size: 12pt; font-family: Calibri, sans-serif; color: rgb(0, 0, 0);\"><b><span lang=\"EN-US\">Ihre Daten einsehen, \u00e4ndern und l\u00f6schen<o:p><\/o:p><\/span><\/b><\/p>\n<p style=\"margin: 0cm; font-size: 12pt; font-family: Calibri, sans-serif; color: rgb(0, 0, 0);\"><span lang=\"EN-US\">Wenn Sie Fragen haben oder wissen m\u00f6chten, welche personenbezogenen Daten wir \u00fcber Sie gespeichert haben, k\u00f6nnen Sie sich jederzeit an uns wenden. Siehe Kontaktangaben unten.<o:p><\/o:p><\/span><\/p>\n<p style=\"margin: 0cm; font-size: 12pt; font-family: Calibri, sans-serif; color: rgb(0, 0, 0);\"><span lang=\"EN-US\">&nbsp;<\/span><\/p>\n<p style=\"margin: 0cm; font-size: 12pt; font-family: Calibri, sans-serif; color: rgb(0, 0, 0);\"><span lang=\"EN-US\">Bitte beachten Sie, dass Sie immer deutlich angeben, wer Sie sind, damit wir sicher sein k\u00f6nnen, dass wir nicht die Daten der falschen Person \u00e4ndern oder l\u00f6schen.<o:p><\/o:p><\/span><\/p>\n<p style=\"margin: 0cm; font-size: 12pt; font-family: Calibri, sans-serif; color: rgb(0, 0, 0);\"><span lang=\"EN-US\">&nbsp;<\/span><\/p>\n<p style=\"margin: 0cm; font-size: 12pt; font-family: Calibri, sans-serif; color: rgb(0, 0, 0);\"><b><span lang=\"EN-US\">Eine Beschwerde einreichen<o:p><\/o:p><\/span><\/b><\/p>\n<p style=\"margin: 0cm; font-size: 12pt; font-family: Calibri, sans-serif; color: rgb(0, 0, 0);\"><span lang=\"EN-US\">Wenn Sie das Gef\u00fchl haben, dass wir Ihnen nicht richtig helfen, haben Sie das Recht, eine Beschwerde bei der Aufsichtsbeh\u00f6rde einzureichen. Dies ist die niederl\u00e4ndische Datenschutzbeh\u00f6rde.<o:p><\/o:p><\/span><\/p>\n<p style=\"margin: 0cm; font-size: 12pt; font-family: Calibri, sans-serif; color: rgb(0, 0, 0);\"><span lang=\"EN-US\">&nbsp;<\/span><\/p>\n<p style=\"margin: 0cm; font-size: 12pt; font-family: Calibri, sans-serif; color: rgb(0, 0, 0);\"><span lang=\"EN-US\">&nbsp;<\/span><\/p>\n<p style=\"margin: 0cm; font-size: 12pt; font-family: Calibri, sans-serif; color: rgb(0, 0, 0);\"><span lang=\"EN-US\">Kontaktinformationen<o:p><\/o:p><\/span><\/p>\n<p style=\"margin: 0cm; font-size: 12pt; font-family: Calibri, sans-serif; color: rgb(0, 0, 0);\"><span lang=\"EN-US\">IVendor B.V.<o:p><\/o:p><\/span><\/p>\n<p style=\"margin: 0cm; font-size: 12pt; font-family: Calibri, sans-serif; color: rgb(0, 0, 0);\">Docterskampstraat 5<o:p><\/o:p><\/p>\n<p style=\"margin: 0cm; font-size: 12pt; font-family: Calibri, sans-serif; color: rgb(0, 0, 0);\">5222AM Den Bosch<o:p><\/o:p><\/p>\n<p style=\"margin: 0cm; font-size: 12pt; font-family: Calibri, sans-serif; color: rgb(0, 0, 0);\">die Niederlande<o:p><\/o:p><\/p>\n<p style=\"margin: 0cm; font-size: 12pt; font-family: Calibri, sans-serif; color: rgb(0, 0, 0);\">info@ivendorsecurity.com<o:p><\/o:p><\/p>\n\t\t\t\t\t\t\t\t<\/div>\n\t\t\t\t<\/div>\n\t\t\t\t\t<\/div>\n\t\t<\/div>\n\t\t\t\t\t<\/div>\n\t\t<\/section>\n\t\t\t\t<\/div>\n\t\t","protected":false},"excerpt":{"rendered":"<p>Datenschutz- und Cookie-Erkl\u00e4rung IVendor 1. September 2023 \u00dcber unsere Website werden datenschutzrelevante Daten oder personenbezogene Daten verarbeitet. Datenschutzrelevante Daten oder personenbezogene Daten werden \u00fcber unsere Website verarbeitet. IVendor (und alle mit ihr verbundenen Unternehmen) misst dem sorgf\u00e4ltigen Umgang mit personenbezogenen Daten gro\u00dfe Bedeutung bei. Personenbezogene Daten werden daher von uns sorgf\u00e4ltig verarbeitet und gesichert. &nbsp; [&hellip;]<\/p>\n","protected":false},"author":2,"featured_media":0,"parent":0,"menu_order":0,"comment_status":"closed","ping_status":"open","template":"","meta":{"footnotes":""},"class_list":["post-3242","page","type-page","status-publish","hentry"],"_links":{"self":[{"href":"https:\/\/ivendorsecurity.com\/de\/wp-json\/wp\/v2\/pages\/3242","targetHints":{"allow":["GET"]}}],"collection":[{"href":"https:\/\/ivendorsecurity.com\/de\/wp-json\/wp\/v2\/pages"}],"about":[{"href":"https:\/\/ivendorsecurity.com\/de\/wp-json\/wp\/v2\/types\/page"}],"author":[{"embeddable":true,"href":"https:\/\/ivendorsecurity.com\/de\/wp-json\/wp\/v2\/users\/2"}],"replies":[{"embeddable":true,"href":"https:\/\/ivendorsecurity.com\/de\/wp-json\/wp\/v2\/comments?post=3242"}],"version-history":[{"count":1,"href":"https:\/\/ivendorsecurity.com\/de\/wp-json\/wp\/v2\/pages\/3242\/revisions"}],"predecessor-version":[{"id":3243,"href":"https:\/\/ivendorsecurity.com\/de\/wp-json\/wp\/v2\/pages\/3242\/revisions\/3243"}],"wp:attachment":[{"href":"https:\/\/ivendorsecurity.com\/de\/wp-json\/wp\/v2\/media?parent=3242"}],"curies":[{"name":"wp","href":"https:\/\/api.w.org\/{rel}","templated":true}]}}